{"id":40068,"date":"2021-12-26T12:13:46","date_gmt":"2021-12-26T12:13:46","guid":{"rendered":"https:\/\/kodesolution.com\/2021\/all\/ecoife\/?page_id=40068"},"modified":"2024-11-05T17:52:31","modified_gmt":"2024-11-05T16:52:31","slug":"servicios","status":"publish","type":"page","link":"https:\/\/endangeredconservation.org\/index.php\/servicios\/","title":{"rendered":"Servicios"},"content":{"rendered":"\t\t<div data-elementor-type=\"wp-page\" data-elementor-id=\"40068\" class=\"elementor elementor-40068\" data-elementor-post-type=\"page\">\n\t\t\t\t\t\t<section class=\"elementor-section elementor-top-section elementor-element elementor-element-040f0d6 elementor-section-stretched elementor-section-boxed elementor-section-height-default elementor-section-height-default tm-col-stretched-none tm-bg-color-over-image\" data-id=\"040f0d6\" data-element_type=\"section\" data-settings=\"{&quot;stretch_section&quot;:&quot;section-stretched&quot;}\">\n\t\t\t\t\t\t<div class=\"elementor-container elementor-column-gap-extended\">\n\t\t\t\t\t<div class=\"elementor-column elementor-col-100 elementor-top-column elementor-element elementor-element-cc19762 tm-bg-color-over-image\" data-id=\"cc19762\" data-element_type=\"column\">\n\t\t\t<div class=\"elementor-widget-wrap elementor-element-populated\">\n\t\t\t\t\t\t<div class=\"elementor-element elementor-element-cb2a551 elementor-widget elementor-widget-tm-ele-cpt-services\" data-id=\"cb2a551\" data-element_type=\"widget\" data-widget_type=\"tm-ele-cpt-services.default\">\n\t\t\t\t<div class=\"elementor-widget-container\">\n\t\t\t\t\t\r\n\t<div class=\"tm-sc-services tm-sc-services-grid border-radius-around-box\">\r\n\t\t\r\n\t\r\n\t\t<!-- Isotope Gallery Grid -->\r\n\t\t<div id=\"services-holder-121837\" class=\"isotope-layout grid-3 gutter-15 clearfix\">\r\n\t\t\t<div class=\"isotope-layout-inner\">\r\n\r\n                <!-- the loop -->\r\n                                                <div class=\"isotope-item \">\r\n                    <div class=\"post-20341 services type-services status-publish has-post-thumbnail hentry\">\r\n\t<div class=\"service-skin-style1\">\r\n\t\t<div class=\"service-block\">\r\n\t\t\t\t\t\t<div class=\"thumb\">\r\n\t\t\t\t<img fetchpriority=\"high\" decoding=\"async\" width=\"1920\" height=\"1280\" src=\"https:\/\/endangeredconservation.org\/wp-content\/uploads\/2021\/11\/bg9.jpg\" class=\"img-fullwidth wp-post-image\" alt=\"\" srcset=\"https:\/\/endangeredconservation.org\/wp-content\/uploads\/2021\/11\/bg9.jpg 1920w, https:\/\/endangeredconservation.org\/wp-content\/uploads\/2021\/11\/bg9-600x400.jpg 600w, https:\/\/endangeredconservation.org\/wp-content\/uploads\/2021\/11\/bg9-300x200.jpg 300w, https:\/\/endangeredconservation.org\/wp-content\/uploads\/2021\/11\/bg9-1024x683.jpg 1024w, https:\/\/endangeredconservation.org\/wp-content\/uploads\/2021\/11\/bg9-768x512.jpg 768w, https:\/\/endangeredconservation.org\/wp-content\/uploads\/2021\/11\/bg9-1536x1024.jpg 1536w, https:\/\/endangeredconservation.org\/wp-content\/uploads\/2021\/11\/bg9-672x448.jpg 672w\" sizes=\"(max-width: 1920px) 100vw, 1920px\" \/>\t\t\t<\/div>\r\n\t\t\t\t\t\t<div class=\"content\">\r\n\t\t\t\t\t<h4 class=\"title service-title\">\r\n\t\t<a href=\"https:\/\/endangeredconservation.org\/index.php\/services\/water-refine\/\">Conservaci\u00f3n del medio<\/a>\r\n\t\t<\/h4>\r\n\t\t\t\t\t\t\t\t\t\t\t\t\t<div class=\"excerpt\">\r\n\t\t\t\t\t\tDise\u00f1o, implementaci\u00f3n y ejecuci\u00f3n de programas, proyectos y acciones de conservaci\u00f3n, con un fuerte enfoque en Am\u00e9rica Latina, con el...\t\t\t\t\t<\/div>\r\n\t\t\t\t\t\t\t\t\t\t\t\t<a class=\"btn-link\" href=\"https:\/\/endangeredconservation.org\/index.php\/services\/water-refine\/\">\r\n\t\t\t\t\t<i class=\"fas fa-chevron-up\"><\/i>\r\n\t\t\t\t\t<img decoding=\"async\" class=\"shape-circle\" src=\"https:\/\/endangeredconservation.org\/wp-content\/themes\/ecoife-wp\/assets\/images\/current-theme\/project-01.png\" alt=\"image\">\r\n\t\t\t\t<\/a>\r\n\t\t\t<\/div>\r\n\t\t<\/div>\r\n\t<\/div>\r\n<\/div>\r\n\r\n                <\/div>\r\n                                                <div class=\"isotope-item \">\r\n                    <div class=\"post-20332 services type-services status-publish has-post-thumbnail hentry\">\r\n\t<div class=\"service-skin-style1\">\r\n\t\t<div class=\"service-block\">\r\n\t\t\t\t\t\t<div class=\"thumb\">\r\n\t\t\t\t<img decoding=\"async\" width=\"1920\" height=\"1280\" src=\"https:\/\/endangeredconservation.org\/wp-content\/uploads\/2021\/11\/bg10-1.jpg\" class=\"img-fullwidth wp-post-image\" alt=\"\" srcset=\"https:\/\/endangeredconservation.org\/wp-content\/uploads\/2021\/11\/bg10-1.jpg 1920w, https:\/\/endangeredconservation.org\/wp-content\/uploads\/2021\/11\/bg10-1-600x400.jpg 600w, https:\/\/endangeredconservation.org\/wp-content\/uploads\/2021\/11\/bg10-1-300x200.jpg 300w, https:\/\/endangeredconservation.org\/wp-content\/uploads\/2021\/11\/bg10-1-1024x683.jpg 1024w, https:\/\/endangeredconservation.org\/wp-content\/uploads\/2021\/11\/bg10-1-768x512.jpg 768w, https:\/\/endangeredconservation.org\/wp-content\/uploads\/2021\/11\/bg10-1-1536x1024.jpg 1536w, https:\/\/endangeredconservation.org\/wp-content\/uploads\/2021\/11\/bg10-1-672x448.jpg 672w\" sizes=\"(max-width: 1920px) 100vw, 1920px\" \/>\t\t\t<\/div>\r\n\t\t\t\t\t\t<div class=\"content\">\r\n\t\t\t\t\t<h4 class=\"title service-title\">\r\n\t\t<a href=\"https:\/\/endangeredconservation.org\/index.php\/services\/eco-system-2\/\">Ecosistemas sostenibles<\/a>\r\n\t\t<\/h4>\r\n\t\t\t\t\t\t\t\t\t\t\t\t\t<div class=\"excerpt\">\r\n\t\t\t\t\t\tDise\u00f1o, implementaci\u00f3n y ejecuci\u00f3n de programas, proyectos y acciones de conservaci\u00f3n, con un fuerte enfoque en Am\u00e9rica Latina, con el...\t\t\t\t\t<\/div>\r\n\t\t\t\t\t\t\t\t\t\t\t\t<a class=\"btn-link\" href=\"https:\/\/endangeredconservation.org\/index.php\/services\/eco-system-2\/\">\r\n\t\t\t\t\t<i class=\"fas fa-chevron-up\"><\/i>\r\n\t\t\t\t\t<img decoding=\"async\" class=\"shape-circle\" src=\"https:\/\/endangeredconservation.org\/wp-content\/themes\/ecoife-wp\/assets\/images\/current-theme\/project-01.png\" alt=\"image\">\r\n\t\t\t\t<\/a>\r\n\t\t\t<\/div>\r\n\t\t<\/div>\r\n\t<\/div>\r\n<\/div>\r\n\r\n                <\/div>\r\n                                                <div class=\"isotope-item \">\r\n                    <div class=\"post-25745 services type-services status-publish has-post-thumbnail hentry\">\r\n\t<div class=\"service-skin-style1\">\r\n\t\t<div class=\"service-block\">\r\n\t\t\t\t\t\t<div class=\"thumb\">\r\n\t\t\t\t<img decoding=\"async\" width=\"1920\" height=\"1280\" src=\"https:\/\/endangeredconservation.org\/wp-content\/uploads\/2021\/09\/bg7.jpg\" class=\"img-fullwidth wp-post-image\" alt=\"\" srcset=\"https:\/\/endangeredconservation.org\/wp-content\/uploads\/2021\/09\/bg7.jpg 1920w, https:\/\/endangeredconservation.org\/wp-content\/uploads\/2021\/09\/bg7-600x400.jpg 600w, https:\/\/endangeredconservation.org\/wp-content\/uploads\/2021\/09\/bg7-300x200.jpg 300w, https:\/\/endangeredconservation.org\/wp-content\/uploads\/2021\/09\/bg7-1024x683.jpg 1024w, https:\/\/endangeredconservation.org\/wp-content\/uploads\/2021\/09\/bg7-768x512.jpg 768w, https:\/\/endangeredconservation.org\/wp-content\/uploads\/2021\/09\/bg7-1536x1024.jpg 1536w, https:\/\/endangeredconservation.org\/wp-content\/uploads\/2021\/09\/bg7-672x448.jpg 672w\" sizes=\"(max-width: 1920px) 100vw, 1920px\" \/>\t\t\t<\/div>\r\n\t\t\t\t\t\t<div class=\"content\">\r\n\t\t\t\t\t<h4 class=\"title service-title\">\r\n\t\t<a href=\"https:\/\/endangeredconservation.org\/index.php\/services\/save-animals\/\">Conservaci\u00f3n especies end\u00e9micas<\/a>\r\n\t\t<\/h4>\r\n\t\t\t\t\t\t\t\t\t\t\t\t\t<div class=\"excerpt\">\r\n\t\t\t\t\t\tDise\u00f1o, implementaci\u00f3n y ejecuci\u00f3n de programas, proyectos y acciones de conservaci\u00f3n, con un fuerte enfoque en Am\u00e9rica Latina, con el...\t\t\t\t\t<\/div>\r\n\t\t\t\t\t\t\t\t\t\t\t\t<a class=\"btn-link\" href=\"https:\/\/endangeredconservation.org\/index.php\/services\/save-animals\/\">\r\n\t\t\t\t\t<i class=\"fas fa-chevron-up\"><\/i>\r\n\t\t\t\t\t<img decoding=\"async\" class=\"shape-circle\" src=\"https:\/\/endangeredconservation.org\/wp-content\/themes\/ecoife-wp\/assets\/images\/current-theme\/project-01.png\" alt=\"image\">\r\n\t\t\t\t<\/a>\r\n\t\t\t<\/div>\r\n\t\t<\/div>\r\n\t<\/div>\r\n<\/div>\r\n\r\n                <\/div>\r\n                                <!-- end of the loop -->\r\n\t\t\t<\/div>\r\n\t\t<\/div>\r\n\t\t\t<\/div>\r\n\t\t\r\n\r\n\t\t\t\t<\/div>\n\t\t\t\t<\/div>\n\t\t\t\t\t<\/div>\n\t\t<\/div>\n\t\t\t\t\t<\/div>\n\t\t<\/section>\n\t\t\t\t<\/div>\n\t\t","protected":false},"excerpt":{"rendered":"<p>Water Refine Lorem ipsum is free text used by neque porro est qui dolorem ipsum quia. Eco System Lorem ipsum&#8230;<\/p>\n","protected":false},"author":1,"featured_media":0,"parent":0,"menu_order":0,"comment_status":"closed","ping_status":"closed","template":"","meta":{"give_campaign_id":0,"footnotes":""},"class_list":["post-40068","page","type-page","status-publish","hentry"],"yoast_head":"<!-- This site is optimized with the Yoast SEO plugin v26.7 - https:\/\/yoast.com\/wordpress\/plugins\/seo\/ -->\n<title>Servicios - Engadgered Conservation<\/title>\n<meta name=\"description\" content=\"Ofrecemos servicios de conservaci\u00f3n del medio ambiente y proyectos sostenibles a largo plazo respetuosos con el ecosistema local.\" \/>\n<meta name=\"robots\" content=\"index, follow, max-snippet:-1, max-image-preview:large, max-video-preview:-1\" \/>\n<link rel=\"canonical\" href=\"https:\/\/endangeredconservation.org\/index.php\/servicios\/\" \/>\n<meta property=\"og:locale\" content=\"es_ES\" \/>\n<meta property=\"og:type\" content=\"article\" \/>\n<meta property=\"og:title\" content=\"Servicios - Engadgered Conservation\" \/>\n<meta property=\"og:description\" content=\"Ofrecemos servicios de conservaci\u00f3n del medio ambiente y proyectos sostenibles a largo plazo respetuosos con el ecosistema local.\" \/>\n<meta property=\"og:url\" content=\"https:\/\/endangeredconservation.org\/index.php\/servicios\/\" \/>\n<meta property=\"og:site_name\" content=\"Engadgered Conservation\" \/>\n<meta property=\"article:modified_time\" content=\"2024-11-05T16:52:31+00:00\" \/>\n<meta property=\"og:image\" content=\"https:\/\/kodesolution.com\/2021\/all\/ecoife\/wp-content\/uploads\/sites\/4\/sites\/2\/2021\/11\/bg9-550x550.jpg\" \/>\n<meta name=\"twitter:card\" content=\"summary_large_image\" \/>\n<meta name=\"twitter:label1\" content=\"Tiempo de lectura\" \/>\n\t<meta name=\"twitter:data1\" content=\"3 minutos\" \/>\n<script type=\"application\/ld+json\" class=\"yoast-schema-graph\">{\"@context\":\"https:\/\/schema.org\",\"@graph\":[{\"@type\":\"WebPage\",\"@id\":\"https:\/\/endangeredconservation.org\/index.php\/servicios\/\",\"url\":\"https:\/\/endangeredconservation.org\/index.php\/servicios\/\",\"name\":\"Servicios - Engadgered Conservation\",\"isPartOf\":{\"@id\":\"https:\/\/endangeredconservation.org\/#website\"},\"primaryImageOfPage\":{\"@id\":\"https:\/\/endangeredconservation.org\/index.php\/servicios\/#primaryimage\"},\"image\":{\"@id\":\"https:\/\/endangeredconservation.org\/index.php\/servicios\/#primaryimage\"},\"thumbnailUrl\":\"https:\/\/kodesolution.com\/2021\/all\/ecoife\/wp-content\/uploads\/sites\/4\/sites\/2\/2021\/11\/bg9-550x550.jpg\",\"datePublished\":\"2021-12-26T12:13:46+00:00\",\"dateModified\":\"2024-11-05T16:52:31+00:00\",\"description\":\"Ofrecemos servicios de conservaci\u00f3n del medio ambiente y proyectos sostenibles a largo plazo respetuosos con el ecosistema local.\",\"breadcrumb\":{\"@id\":\"https:\/\/endangeredconservation.org\/index.php\/servicios\/#breadcrumb\"},\"inLanguage\":\"es\",\"potentialAction\":[{\"@type\":\"ReadAction\",\"target\":[\"https:\/\/endangeredconservation.org\/index.php\/servicios\/\"]}]},{\"@type\":\"ImageObject\",\"inLanguage\":\"es\",\"@id\":\"https:\/\/endangeredconservation.org\/index.php\/servicios\/#primaryimage\",\"url\":\"https:\/\/kodesolution.com\/2021\/all\/ecoife\/wp-content\/uploads\/sites\/4\/sites\/2\/2021\/11\/bg9-550x550.jpg\",\"contentUrl\":\"https:\/\/kodesolution.com\/2021\/all\/ecoife\/wp-content\/uploads\/sites\/4\/sites\/2\/2021\/11\/bg9-550x550.jpg\"},{\"@type\":\"BreadcrumbList\",\"@id\":\"https:\/\/endangeredconservation.org\/index.php\/servicios\/#breadcrumb\",\"itemListElement\":[{\"@type\":\"ListItem\",\"position\":1,\"name\":\"Portada\",\"item\":\"https:\/\/endangeredconservation.org\/\"},{\"@type\":\"ListItem\",\"position\":2,\"name\":\"Servicios\"}]},{\"@type\":\"WebSite\",\"@id\":\"https:\/\/endangeredconservation.org\/#website\",\"url\":\"https:\/\/endangeredconservation.org\/\",\"name\":\"Engadgered Conservation\",\"description\":\"\",\"potentialAction\":[{\"@type\":\"SearchAction\",\"target\":{\"@type\":\"EntryPoint\",\"urlTemplate\":\"https:\/\/endangeredconservation.org\/?s={search_term_string}\"},\"query-input\":{\"@type\":\"PropertyValueSpecification\",\"valueRequired\":true,\"valueName\":\"search_term_string\"}}],\"inLanguage\":\"es\"}]}<\/script>\n<!-- \/ Yoast SEO plugin. -->","yoast_head_json":{"title":"Servicios - Engadgered Conservation","description":"Ofrecemos servicios de conservaci\u00f3n del medio ambiente y proyectos sostenibles a largo plazo respetuosos con el ecosistema local.","robots":{"index":"index","follow":"follow","max-snippet":"max-snippet:-1","max-image-preview":"max-image-preview:large","max-video-preview":"max-video-preview:-1"},"canonical":"https:\/\/endangeredconservation.org\/index.php\/servicios\/","og_locale":"es_ES","og_type":"article","og_title":"Servicios - Engadgered Conservation","og_description":"Ofrecemos servicios de conservaci\u00f3n del medio ambiente y proyectos sostenibles a largo plazo respetuosos con el ecosistema local.","og_url":"https:\/\/endangeredconservation.org\/index.php\/servicios\/","og_site_name":"Engadgered Conservation","article_modified_time":"2024-11-05T16:52:31+00:00","og_image":[{"url":"https:\/\/kodesolution.com\/2021\/all\/ecoife\/wp-content\/uploads\/sites\/4\/sites\/2\/2021\/11\/bg9-550x550.jpg","type":"","width":"","height":""}],"twitter_card":"summary_large_image","twitter_misc":{"Tiempo de lectura":"3 minutos"},"schema":{"@context":"https:\/\/schema.org","@graph":[{"@type":"WebPage","@id":"https:\/\/endangeredconservation.org\/index.php\/servicios\/","url":"https:\/\/endangeredconservation.org\/index.php\/servicios\/","name":"Servicios - Engadgered Conservation","isPartOf":{"@id":"https:\/\/endangeredconservation.org\/#website"},"primaryImageOfPage":{"@id":"https:\/\/endangeredconservation.org\/index.php\/servicios\/#primaryimage"},"image":{"@id":"https:\/\/endangeredconservation.org\/index.php\/servicios\/#primaryimage"},"thumbnailUrl":"https:\/\/kodesolution.com\/2021\/all\/ecoife\/wp-content\/uploads\/sites\/4\/sites\/2\/2021\/11\/bg9-550x550.jpg","datePublished":"2021-12-26T12:13:46+00:00","dateModified":"2024-11-05T16:52:31+00:00","description":"Ofrecemos servicios de conservaci\u00f3n del medio ambiente y proyectos sostenibles a largo plazo respetuosos con el ecosistema local.","breadcrumb":{"@id":"https:\/\/endangeredconservation.org\/index.php\/servicios\/#breadcrumb"},"inLanguage":"es","potentialAction":[{"@type":"ReadAction","target":["https:\/\/endangeredconservation.org\/index.php\/servicios\/"]}]},{"@type":"ImageObject","inLanguage":"es","@id":"https:\/\/endangeredconservation.org\/index.php\/servicios\/#primaryimage","url":"https:\/\/kodesolution.com\/2021\/all\/ecoife\/wp-content\/uploads\/sites\/4\/sites\/2\/2021\/11\/bg9-550x550.jpg","contentUrl":"https:\/\/kodesolution.com\/2021\/all\/ecoife\/wp-content\/uploads\/sites\/4\/sites\/2\/2021\/11\/bg9-550x550.jpg"},{"@type":"BreadcrumbList","@id":"https:\/\/endangeredconservation.org\/index.php\/servicios\/#breadcrumb","itemListElement":[{"@type":"ListItem","position":1,"name":"Portada","item":"https:\/\/endangeredconservation.org\/"},{"@type":"ListItem","position":2,"name":"Servicios"}]},{"@type":"WebSite","@id":"https:\/\/endangeredconservation.org\/#website","url":"https:\/\/endangeredconservation.org\/","name":"Engadgered Conservation","description":"","potentialAction":[{"@type":"SearchAction","target":{"@type":"EntryPoint","urlTemplate":"https:\/\/endangeredconservation.org\/?s={search_term_string}"},"query-input":{"@type":"PropertyValueSpecification","valueRequired":true,"valueName":"search_term_string"}}],"inLanguage":"es"}]}},"wpcf_dashboard":"<div class=\"woocommerce\"><div class=\"woocommerce-info\">Por favor, \u00bfaccedes primero? <a class=\"wpneoShowLogin\" href=\"#\">Haz clic aqu\u00ed para acceder<\/a><\/div><div class=\"wpneo_login_form_div\" style=\"display: none;\"><form name=\"loginform\" id=\"loginform\" action=\"https:\/\/endangeredconservation.org\/wp-login.php\" method=\"post\"><p class=\"login-username\">\n\t\t\t\t<label for=\"user_login\">Nombre de usuario o correo electr\u00f3nico<\/label>\n\t\t\t\t<input type=\"text\" name=\"log\" id=\"user_login\" autocomplete=\"username\" class=\"input\" value=\"\" size=\"20\" \/>\n\t\t\t<\/p><p class=\"login-password\">\n\t\t\t\t<label for=\"user_pass\">Contrase\u00f1a<\/label>\n\t\t\t\t<input type=\"password\" name=\"pwd\" id=\"user_pass\" autocomplete=\"current-password\" spellcheck=\"false\" class=\"input\" value=\"\" size=\"20\" \/>\n\t\t\t<\/p><p class=\"login-remember\"><label><input name=\"rememberme\" type=\"checkbox\" id=\"rememberme\" value=\"forever\" \/> Recu\u00e9rdame<\/label><\/p><p class=\"login-submit\">\n\t\t\t\t<input type=\"submit\" name=\"wp-submit\" id=\"wp-submit\" class=\"button button-primary\" value=\"Acceder\" \/>\n\t\t\t\t<input type=\"hidden\" name=\"redirect_to\" value=\"https:\/\/endangeredconservation.org\/index.php\/wp-json\/wp\/v2\/pages\/40068\" \/>\n\t\t\t<\/p><\/form><\/div><\/div>","campaignId":"","_links":{"self":[{"href":"https:\/\/endangeredconservation.org\/index.php\/wp-json\/wp\/v2\/pages\/40068","targetHints":{"allow":["GET"]}}],"collection":[{"href":"https:\/\/endangeredconservation.org\/index.php\/wp-json\/wp\/v2\/pages"}],"about":[{"href":"https:\/\/endangeredconservation.org\/index.php\/wp-json\/wp\/v2\/types\/page"}],"author":[{"embeddable":true,"href":"https:\/\/endangeredconservation.org\/index.php\/wp-json\/wp\/v2\/users\/1"}],"replies":[{"embeddable":true,"href":"https:\/\/endangeredconservation.org\/index.php\/wp-json\/wp\/v2\/comments?post=40068"}],"version-history":[{"count":0,"href":"https:\/\/endangeredconservation.org\/index.php\/wp-json\/wp\/v2\/pages\/40068\/revisions"}],"wp:attachment":[{"href":"https:\/\/endangeredconservation.org\/index.php\/wp-json\/wp\/v2\/media?parent=40068"}],"curies":[{"name":"wp","href":"https:\/\/api.w.org\/{rel}","templated":true}]}}